{"id":6934,"date":"2022-02-09T14:26:19","date_gmt":"2022-02-09T14:26:19","guid":{"rendered":"https:\/\/acko.cl\/?post_type=product&#038;p=6934"},"modified":"2022-04-21T21:09:07","modified_gmt":"2022-04-21T21:09:07","slug":"art-direct-indirect","status":"publish","type":"product","link":"https:\/\/acko.cl\/index.php\/producto\/art-direct-indirect\/","title":{"rendered":"ART Direct &#038; Indirect"},"content":{"rendered":"\t\t<div data-elementor-type=\"wp-post\" data-elementor-id=\"6934\" class=\"elementor elementor-6934\" data-elementor-post-type=\"product\">\n\t\t\t\t\t\t<section class=\"elementor-section elementor-top-section elementor-element elementor-element-635ab3f elementor-section-boxed elementor-section-height-default elementor-section-height-default qodef-elementor-content-no qodef-elementor-back-to-top-dark\" data-id=\"635ab3f\" data-element_type=\"section\">\n\t\t\t\t\t\t<div class=\"elementor-container elementor-column-gap-default\">\n\t\t\t\t\t<div class=\"elementor-column elementor-col-33 elementor-top-column elementor-element elementor-element-cb424f6\" data-id=\"cb424f6\" data-element_type=\"column\">\n\t\t\t<div class=\"elementor-widget-wrap elementor-element-populated\">\n\t\t\t\t\t\t<div class=\"elementor-element elementor-element-c620c6c elementor-widget elementor-widget-heading\" data-id=\"c620c6c\" data-element_type=\"widget\" data-widget_type=\"heading.default\">\n\t\t\t\t<div class=\"elementor-widget-container\">\n\t\t\t\t\t<h4 class=\"elementor-heading-title elementor-size-default\">L\u00e1mparas suspendidas ART<\/h4>\t\t\t\t<\/div>\n\t\t\t\t<\/div>\n\t\t\t\t<div class=\"elementor-element elementor-element-65e839a elementor-button-info elementor-align-left elementor-widget elementor-widget-button\" data-id=\"65e839a\" data-element_type=\"widget\" data-widget_type=\"button.default\">\n\t\t\t\t<div class=\"elementor-widget-container\">\n\t\t\t\t\t\t\t\t\t<div class=\"elementor-button-wrapper\">\n\t\t\t\t\t<a class=\"elementor-button elementor-button-link elementor-size-sm\" href=\"https:\/\/www.arkoslight.cloud\/download\/datasheet\/A3430011BC_es.pdf\" target=\"_blank\">\n\t\t\t\t\t\t<span class=\"elementor-button-content-wrapper\">\n\t\t\t\t\t\t<span class=\"elementor-button-icon\">\n\t\t\t\t<i aria-hidden=\"true\" class=\"far fa-arrow-alt-circle-down\"><\/i>\t\t\t<\/span>\n\t\t\t\t\t\t\t\t\t<span class=\"elementor-button-text\">Ficha t\u00e9cnica <\/span>\n\t\t\t\t\t<\/span>\n\t\t\t\t\t<\/a>\n\t\t\t\t<\/div>\n\t\t\t\t\t\t\t\t<\/div>\n\t\t\t\t<\/div>\n\t\t\t\t\t<\/div>\n\t\t<\/div>\n\t\t\t\t<div class=\"elementor-column elementor-col-66 elementor-top-column elementor-element elementor-element-1b2e493\" data-id=\"1b2e493\" data-element_type=\"column\">\n\t\t\t<div class=\"elementor-widget-wrap\">\n\t\t\t\t\t\t\t<\/div>\n\t\t<\/div>\n\t\t\t\t\t<\/div>\n\t\t<\/section>\n\t\t\t\t<section class=\"elementor-section elementor-top-section elementor-element elementor-element-fccbb3f elementor-section-height-min-height elementor-section-boxed elementor-section-height-default elementor-section-items-middle qodef-elementor-content-no qodef-elementor-back-to-top-dark\" data-id=\"fccbb3f\" data-element_type=\"section\">\n\t\t\t\t\t\t<div class=\"elementor-container elementor-column-gap-default\">\n\t\t\t\t\t<div class=\"elementor-column elementor-col-50 elementor-top-column elementor-element elementor-element-162cbb1\" data-id=\"162cbb1\" data-element_type=\"column\">\n\t\t\t<div class=\"elementor-widget-wrap elementor-element-populated\">\n\t\t\t\t\t\t<div class=\"elementor-element elementor-element-bcb986a elementor-widget elementor-widget-text-editor\" data-id=\"bcb986a\" data-element_type=\"widget\" data-widget_type=\"text-editor.default\">\n\t\t\t\t<div class=\"elementor-widget-container\">\n\t\t\t\t\t\t\t\t\t<p style=\"text-align: left;\"><strong>Watts<\/strong><\/p>\t\t\t\t\t\t\t\t<\/div>\n\t\t\t\t<\/div>\n\t\t\t\t<div class=\"elementor-element elementor-element-28a3b90 elementor-widget elementor-widget-text-editor\" data-id=\"28a3b90\" data-element_type=\"widget\" data-widget_type=\"text-editor.default\">\n\t\t\t\t<div class=\"elementor-widget-container\">\n\t\t\t\t\t\t\t\t\t<p style=\"text-align: left;\"><strong>L\u00famenes<\/strong><\/p>\t\t\t\t\t\t\t\t<\/div>\n\t\t\t\t<\/div>\n\t\t\t\t<div class=\"elementor-element elementor-element-58e9439 elementor-widget elementor-widget-text-editor\" data-id=\"58e9439\" data-element_type=\"widget\" data-widget_type=\"text-editor.default\">\n\t\t\t\t<div class=\"elementor-widget-container\">\n\t\t\t\t\t\t\t\t\t<p style=\"text-align: left;\"><strong>CRI<\/strong><\/p>\t\t\t\t\t\t\t\t<\/div>\n\t\t\t\t<\/div>\n\t\t\t\t<div class=\"elementor-element elementor-element-3215a68 elementor-widget elementor-widget-text-editor\" data-id=\"3215a68\" data-element_type=\"widget\" data-widget_type=\"text-editor.default\">\n\t\t\t\t<div class=\"elementor-widget-container\">\n\t\t\t\t\t\t\t\t\t<p style=\"text-align: left;\"><strong>Temperatura color<\/strong><\/p>\t\t\t\t\t\t\t\t<\/div>\n\t\t\t\t<\/div>\n\t\t\t\t<div class=\"elementor-element elementor-element-cdf7ad4 elementor-widget elementor-widget-text-editor\" data-id=\"cdf7ad4\" data-element_type=\"widget\" data-widget_type=\"text-editor.default\">\n\t\t\t\t<div class=\"elementor-widget-container\">\n\t\t\t\t\t\t\t\t\t<p style=\"text-align: left;\"><strong>\u00c1ngulo de apertura<\/strong><\/p>\t\t\t\t\t\t\t\t<\/div>\n\t\t\t\t<\/div>\n\t\t\t\t<div class=\"elementor-element elementor-element-b769da9 elementor-widget elementor-widget-text-editor\" data-id=\"b769da9\" data-element_type=\"widget\" data-widget_type=\"text-editor.default\">\n\t\t\t\t<div class=\"elementor-widget-container\">\n\t\t\t\t\t\t\t\t\t<p><strong>Driver<\/strong><\/p>\t\t\t\t\t\t\t\t<\/div>\n\t\t\t\t<\/div>\n\t\t\t\t<div class=\"elementor-element elementor-element-ee8c4d2 elementor-widget elementor-widget-text-editor\" data-id=\"ee8c4d2\" data-element_type=\"widget\" data-widget_type=\"text-editor.default\">\n\t\t\t\t<div class=\"elementor-widget-container\">\n\t\t\t\t\t\t\t\t\t<p><strong>Voltaje<\/strong><\/p>\t\t\t\t\t\t\t\t<\/div>\n\t\t\t\t<\/div>\n\t\t\t\t<div class=\"elementor-element elementor-element-bcef07c elementor-widget elementor-widget-text-editor\" data-id=\"bcef07c\" data-element_type=\"widget\" data-widget_type=\"text-editor.default\">\n\t\t\t\t<div class=\"elementor-widget-container\">\n\t\t\t\t\t\t\t\t\t<p><strong>IP<\/strong><\/p>\t\t\t\t\t\t\t\t<\/div>\n\t\t\t\t<\/div>\n\t\t\t\t<div class=\"elementor-element elementor-element-d037870 elementor-widget elementor-widget-text-editor\" data-id=\"d037870\" data-element_type=\"widget\" data-widget_type=\"text-editor.default\">\n\t\t\t\t<div class=\"elementor-widget-container\">\n\t\t\t\t\t\t\t\t\t<p><strong>Dimeable<\/strong><\/p>\t\t\t\t\t\t\t\t<\/div>\n\t\t\t\t<\/div>\n\t\t\t\t<div class=\"elementor-element elementor-element-ab817b8 elementor-widget elementor-widget-text-editor\" data-id=\"ab817b8\" data-element_type=\"widget\" data-widget_type=\"text-editor.default\">\n\t\t\t\t<div class=\"elementor-widget-container\">\n\t\t\t\t\t\t\t\t\t<p><strong>Material<\/strong><\/p>\t\t\t\t\t\t\t\t<\/div>\n\t\t\t\t<\/div>\n\t\t\t\t<div class=\"elementor-element elementor-element-fde3190 elementor-widget elementor-widget-text-editor\" data-id=\"fde3190\" data-element_type=\"widget\" data-widget_type=\"text-editor.default\">\n\t\t\t\t<div class=\"elementor-widget-container\">\n\t\t\t\t\t\t\t\t\t<p><strong>Color<\/strong><\/p>\t\t\t\t\t\t\t\t<\/div>\n\t\t\t\t<\/div>\n\t\t\t\t<div class=\"elementor-element elementor-element-3fbbdcd elementor-widget elementor-widget-text-editor\" data-id=\"3fbbdcd\" data-element_type=\"widget\" data-widget_type=\"text-editor.default\">\n\t\t\t\t<div class=\"elementor-widget-container\">\n\t\t\t\t\t\t\t\t\t<p><strong>Vida \u00fatil<\/strong><\/p>\t\t\t\t\t\t\t\t<\/div>\n\t\t\t\t<\/div>\n\t\t\t\t\t<\/div>\n\t\t<\/div>\n\t\t\t\t<div class=\"elementor-column elementor-col-50 elementor-top-column elementor-element elementor-element-71d0ed6\" data-id=\"71d0ed6\" data-element_type=\"column\">\n\t\t\t<div class=\"elementor-widget-wrap elementor-element-populated\">\n\t\t\t\t\t\t<div class=\"elementor-element elementor-element-1f0c30a elementor-widget elementor-widget-text-editor\" data-id=\"1f0c30a\" data-element_type=\"widget\" data-widget_type=\"text-editor.default\">\n\t\t\t\t<div class=\"elementor-widget-container\">\n\t\t\t\t\t\t\t\t\t<p>6,3W<\/p>\t\t\t\t\t\t\t\t<\/div>\n\t\t\t\t<\/div>\n\t\t\t\t<div class=\"elementor-element elementor-element-6dc7e80 elementor-widget elementor-widget-text-editor\" data-id=\"6dc7e80\" data-element_type=\"widget\" data-widget_type=\"text-editor.default\">\n\t\t\t\t<div class=\"elementor-widget-container\">\n\t\t\t\t\t\t\t\t\t<p>630LM<\/p>\t\t\t\t\t\t\t\t<\/div>\n\t\t\t\t<\/div>\n\t\t\t\t<div class=\"elementor-element elementor-element-1a59ced elementor-widget elementor-widget-text-editor\" data-id=\"1a59ced\" data-element_type=\"widget\" data-widget_type=\"text-editor.default\">\n\t\t\t\t<div class=\"elementor-widget-container\">\n\t\t\t\t\t\t\t\t\t<p>90<\/p>\t\t\t\t\t\t\t\t<\/div>\n\t\t\t\t<\/div>\n\t\t\t\t<div class=\"elementor-element elementor-element-141c0ec elementor-widget elementor-widget-text-editor\" data-id=\"141c0ec\" data-element_type=\"widget\" data-widget_type=\"text-editor.default\">\n\t\t\t\t<div class=\"elementor-widget-container\">\n\t\t\t\t\t\t\t\t\t<p>3000K\u00a0<\/p>\t\t\t\t\t\t\t\t<\/div>\n\t\t\t\t<\/div>\n\t\t\t\t<div class=\"elementor-element elementor-element-2b22764 elementor-widget elementor-widget-text-editor\" data-id=\"2b22764\" data-element_type=\"widget\" data-widget_type=\"text-editor.default\">\n\t\t\t\t<div class=\"elementor-widget-container\">\n\t\t\t\t\t\t\t\t\t<p>38\u00ba\u00a0<\/p>\t\t\t\t\t\t\t\t<\/div>\n\t\t\t\t<\/div>\n\t\t\t\t<div class=\"elementor-element elementor-element-80c28d7 elementor-widget elementor-widget-text-editor\" data-id=\"80c28d7\" data-element_type=\"widget\" data-widget_type=\"text-editor.default\">\n\t\t\t\t<div class=\"elementor-widget-container\">\n\t\t\t\t\t\t\t\t\t<p>Incluido<\/p>\t\t\t\t\t\t\t\t<\/div>\n\t\t\t\t<\/div>\n\t\t\t\t<div class=\"elementor-element elementor-element-2afa5d0 elementor-widget elementor-widget-text-editor\" data-id=\"2afa5d0\" data-element_type=\"widget\" data-widget_type=\"text-editor.default\">\n\t\t\t\t<div class=\"elementor-widget-container\">\n\t\t\t\t\t\t\t\t\t<p>220-240V \/ Driver remoto<\/p>\t\t\t\t\t\t\t\t<\/div>\n\t\t\t\t<\/div>\n\t\t\t\t<div class=\"elementor-element elementor-element-69d74d8 elementor-widget elementor-widget-text-editor\" data-id=\"69d74d8\" data-element_type=\"widget\" data-widget_type=\"text-editor.default\">\n\t\t\t\t<div class=\"elementor-widget-container\">\n\t\t\t\t\t\t\t\t\t<p>20<\/p>\t\t\t\t\t\t\t\t<\/div>\n\t\t\t\t<\/div>\n\t\t\t\t<div class=\"elementor-element elementor-element-baf2e1f elementor-widget elementor-widget-text-editor\" data-id=\"baf2e1f\" data-element_type=\"widget\" data-widget_type=\"text-editor.default\">\n\t\t\t\t<div class=\"elementor-widget-container\">\n\t\t\t\t\t\t\t\t\t<p>No<\/p>\t\t\t\t\t\t\t\t<\/div>\n\t\t\t\t<\/div>\n\t\t\t\t<div class=\"elementor-element elementor-element-3ddf676 elementor-widget elementor-widget-text-editor\" data-id=\"3ddf676\" data-element_type=\"widget\" data-widget_type=\"text-editor.default\">\n\t\t\t\t<div class=\"elementor-widget-container\">\n\t\t\t\t\t\t\t\t\t<p>Lat\u00f3n \/ Acrilonitrilo Butadieno Estireno + Policarbonato<\/p>\t\t\t\t\t\t\t\t<\/div>\n\t\t\t\t<\/div>\n\t\t\t\t<div class=\"elementor-element elementor-element-82a89db elementor-widget elementor-widget-text-editor\" data-id=\"82a89db\" data-element_type=\"widget\" data-widget_type=\"text-editor.default\">\n\t\t\t\t<div class=\"elementor-widget-container\">\n\t\t\t\t\t\t\t\t\t<p>Cobre cepillado (otros colores consultar)<\/p>\t\t\t\t\t\t\t\t<\/div>\n\t\t\t\t<\/div>\n\t\t\t\t<div class=\"elementor-element elementor-element-d4e0d6d elementor-widget elementor-widget-text-editor\" data-id=\"d4e0d6d\" data-element_type=\"widget\" data-widget_type=\"text-editor.default\">\n\t\t\t\t<div class=\"elementor-widget-container\">\n\t\t\t\t\t\t\t\t\t<p>L80B10 (Tc=85\u00b0C) &gt;60.000h<\/p>\t\t\t\t\t\t\t\t<\/div>\n\t\t\t\t<\/div>\n\t\t\t\t\t<\/div>\n\t\t<\/div>\n\t\t\t\t\t<\/div>\n\t\t<\/section>\n\t\t\t\t<section class=\"elementor-section elementor-top-section elementor-element elementor-element-8a4385b elementor-section-boxed elementor-section-height-default elementor-section-height-default qodef-elementor-content-no qodef-elementor-back-to-top-dark\" data-id=\"8a4385b\" data-element_type=\"section\">\n\t\t\t\t\t\t<div class=\"elementor-container elementor-column-gap-default\">\n\t\t\t\t\t<div class=\"elementor-column elementor-col-100 elementor-top-column elementor-element elementor-element-c7fb8c2\" data-id=\"c7fb8c2\" data-element_type=\"column\">\n\t\t\t<div class=\"elementor-widget-wrap elementor-element-populated\">\n\t\t\t\t\t\t<div class=\"elementor-element elementor-element-232d417 elementor-widget elementor-widget-video\" data-id=\"232d417\" data-element_type=\"widget\" data-settings=\"{&quot;youtube_url&quot;:&quot;https:\\\/\\\/www.youtube.com\\\/watch?v=wMyrFmUCtdg&quot;,&quot;video_type&quot;:&quot;youtube&quot;,&quot;controls&quot;:&quot;yes&quot;}\" data-widget_type=\"video.default\">\n\t\t\t\t<div class=\"elementor-widget-container\">\n\t\t\t\t\t\t\t<div class=\"elementor-wrapper elementor-open-inline\">\n\t\t\t<div class=\"elementor-video\"><\/div>\t\t<\/div>\n\t\t\t\t\t\t<\/div>\n\t\t\t\t<\/div>\n\t\t\t\t\t<\/div>\n\t\t<\/div>\n\t\t\t\t\t<\/div>\n\t\t<\/section>\n\t\t\t\t<\/div>\n\t\t","protected":false},"excerpt":{"rendered":"<p><strong>L\u00e1mpara Suspendida Art<\/strong> es una luminaria racional y minimalista, que permite una gran libertad compositiva. Individualmente adquiere una lectura sobria, pero a trav\u00e9s de composiciones -ordenadas o an\u00e1rquicas- se revela como una pieza escultural.<\/p>\n<p>La luminaria puede ofrecer luz ambiental en cualquier proyecto de interiorismo actual. Se puede tender en sobremesa para iluminar de forma sencilla y discreta. Tambi\u00e9n, puede adoptar un car\u00e1cter art\u00edstico en grandes espacios verticales.<\/p>\n<p><img fetchpriority=\"high\" decoding=\"async\" class=\"wp-image-6979\" title=\"L\u00e1mpara suspendida ART\" src=\"https:\/\/acko.cl\/wp-content\/uploads\/2022\/02\/premios-art-arkoslight.png\" alt=\"L\u00e1mpara suspendida ART\" width=\"400\" height=\"304\" srcset=\"https:\/\/acko.cl\/wp-content\/uploads\/2022\/02\/premios-art-arkoslight.png 1050w, https:\/\/acko.cl\/wp-content\/uploads\/2022\/02\/premios-art-arkoslight-300x228.png 300w, https:\/\/acko.cl\/wp-content\/uploads\/2022\/02\/premios-art-arkoslight-600x456.png 600w, https:\/\/acko.cl\/wp-content\/uploads\/2022\/02\/premios-art-arkoslight-1024x778.png 1024w, https:\/\/acko.cl\/wp-content\/uploads\/2022\/02\/premios-art-arkoslight-768x584.png 768w\" sizes=\"(max-width: 400px) 100vw, 400px\" \/><\/p>\n<p>&nbsp;<\/p>\n","protected":false},"author":1,"featured_media":6939,"comment_status":"closed","ping_status":"closed","template":"","meta":[],"product_brand":[],"product_cat":[183,173],"product_tag":[201,202,295,312,311],"class_list":{"0":"post-6934","1":"product","2":"type-product","3":"status-publish","4":"has-post-thumbnail","6":"product_cat-lamparas-led-suspendidas","7":"product_cat-todas-las-categorias","8":"product_tag-interior","9":"product_tag-ip20","10":"product_tag-lampara-colgante","11":"product_tag-lampara-decorativa","12":"product_tag-lampara-suspendida","13":"qodef-layout--standard","15":"first","16":"instock","17":"shipping-taxable","18":"product-type-simple"},"aioseo_notices":[],"_links":{"self":[{"href":"https:\/\/acko.cl\/index.php\/wp-json\/wp\/v2\/product\/6934","targetHints":{"allow":["GET"]}}],"collection":[{"href":"https:\/\/acko.cl\/index.php\/wp-json\/wp\/v2\/product"}],"about":[{"href":"https:\/\/acko.cl\/index.php\/wp-json\/wp\/v2\/types\/product"}],"author":[{"embeddable":true,"href":"https:\/\/acko.cl\/index.php\/wp-json\/wp\/v2\/users\/1"}],"replies":[{"embeddable":true,"href":"https:\/\/acko.cl\/index.php\/wp-json\/wp\/v2\/comments?post=6934"}],"version-history":[{"count":10,"href":"https:\/\/acko.cl\/index.php\/wp-json\/wp\/v2\/product\/6934\/revisions"}],"predecessor-version":[{"id":8168,"href":"https:\/\/acko.cl\/index.php\/wp-json\/wp\/v2\/product\/6934\/revisions\/8168"}],"wp:featuredmedia":[{"embeddable":true,"href":"https:\/\/acko.cl\/index.php\/wp-json\/wp\/v2\/media\/6939"}],"wp:attachment":[{"href":"https:\/\/acko.cl\/index.php\/wp-json\/wp\/v2\/media?parent=6934"}],"wp:term":[{"taxonomy":"product_brand","embeddable":true,"href":"https:\/\/acko.cl\/index.php\/wp-json\/wp\/v2\/product_brand?post=6934"},{"taxonomy":"product_cat","embeddable":true,"href":"https:\/\/acko.cl\/index.php\/wp-json\/wp\/v2\/product_cat?post=6934"},{"taxonomy":"product_tag","embeddable":true,"href":"https:\/\/acko.cl\/index.php\/wp-json\/wp\/v2\/product_tag?post=6934"}],"curies":[{"name":"wp","href":"https:\/\/api.w.org\/{rel}","templated":true}]}}