{"id":8288,"date":"2022-07-12T21:07:10","date_gmt":"2022-07-12T21:07:10","guid":{"rendered":"https:\/\/acko.cl\/?post_type=product&#038;p=8288"},"modified":"2022-07-12T21:26:12","modified_gmt":"2022-07-12T21:26:12","slug":"beam-spreader-snap-system-small","status":"publish","type":"product","link":"https:\/\/acko.cl\/index.php\/producto\/beam-spreader-snap-system-small\/","title":{"rendered":"Beam Spreader &#8211; Snap System Small"},"content":{"rendered":"\t\t<div data-elementor-type=\"wp-post\" data-elementor-id=\"8288\" class=\"elementor elementor-8288\" data-elementor-post-type=\"product\">\n\t\t\t\t\t\t<section class=\"elementor-section elementor-top-section elementor-element elementor-element-f56213f elementor-section-boxed elementor-section-height-default elementor-section-height-default qodef-elementor-content-no qodef-elementor-back-to-top-dark\" data-id=\"f56213f\" data-element_type=\"section\">\n\t\t\t\t\t\t<div class=\"elementor-container elementor-column-gap-default\">\n\t\t\t\t\t<div class=\"elementor-column elementor-col-33 elementor-top-column elementor-element elementor-element-dda0a50\" data-id=\"dda0a50\" data-element_type=\"column\">\n\t\t\t<div class=\"elementor-widget-wrap elementor-element-populated\">\n\t\t\t\t\t\t<div class=\"elementor-element elementor-element-8a227d4 elementor-button-info elementor-align-left elementor-widget elementor-widget-button\" data-id=\"8a227d4\" data-element_type=\"widget\" data-widget_type=\"button.default\">\n\t\t\t\t<div class=\"elementor-widget-container\">\n\t\t\t\t\t\t\t\t\t<div class=\"elementor-button-wrapper\">\n\t\t\t\t\t<a class=\"elementor-button elementor-button-link elementor-size-sm\" href=\"https:\/\/acko.cl\/wp-content\/uploads\/2022\/07\/Snap-System-Spec-Sheet.pdf\">\n\t\t\t\t\t\t<span class=\"elementor-button-content-wrapper\">\n\t\t\t\t\t\t<span class=\"elementor-button-icon\">\n\t\t\t\t<i aria-hidden=\"true\" class=\"far fa-arrow-alt-circle-down\"><\/i>\t\t\t<\/span>\n\t\t\t\t\t\t\t\t\t<span class=\"elementor-button-text\">Ficha t\u00e9cnica   <\/span>\n\t\t\t\t\t<\/span>\n\t\t\t\t\t<\/a>\n\t\t\t\t<\/div>\n\t\t\t\t\t\t\t\t<\/div>\n\t\t\t\t<\/div>\n\t\t\t\t\t<\/div>\n\t\t<\/div>\n\t\t\t\t<div class=\"elementor-column elementor-col-66 elementor-top-column elementor-element elementor-element-5a6c021\" data-id=\"5a6c021\" data-element_type=\"column\">\n\t\t\t<div class=\"elementor-widget-wrap\">\n\t\t\t\t\t\t\t<\/div>\n\t\t<\/div>\n\t\t\t\t\t<\/div>\n\t\t<\/section>\n\t\t\t\t<section class=\"elementor-section elementor-top-section elementor-element elementor-element-42ef87c elementor-section-boxed elementor-section-height-default elementor-section-height-default qodef-elementor-content-no qodef-elementor-back-to-top-dark\" data-id=\"42ef87c\" data-element_type=\"section\">\n\t\t\t\t\t\t<div class=\"elementor-container elementor-column-gap-default\">\n\t\t\t\t\t<div class=\"elementor-column elementor-col-100 elementor-top-column elementor-element elementor-element-4a78058\" data-id=\"4a78058\" data-element_type=\"column\">\n\t\t\t<div class=\"elementor-widget-wrap elementor-element-populated\">\n\t\t\t\t\t\t<div class=\"elementor-element elementor-element-925ae47 elementor-widget elementor-widget-text-editor\" data-id=\"925ae47\" data-element_type=\"widget\" data-widget_type=\"text-editor.default\">\n\t\t\t\t<div class=\"elementor-widget-container\">\n\t\t\t\t\t\t\t\t\t<h4 class=\"qodef-woo-product-title product_title entry-title\">Snap System Small<\/h4><p>\u00a0<\/p><p class=\"p1\">El galardonado sistema<strong> SNAP<\/strong> de <strong>SORAA<\/strong> es la primera soluci\u00f3n de accesorio de l\u00e1mpara <strong>LED<\/strong> que est\u00e1 optimizada para funcionar como un sistema integrado. Basado en la tecnolog\u00eda <strong>LED GaN on GaN\u2122<\/strong> de fuente \u00fanica de alto brillo, redefine completamente la aplicaci\u00f3n de accesorios. Los efectos que se pueden lograr son similares a los que se pueden lograr con las fuentes de hal\u00f3geno, pero est\u00e1n habilitados por una temperatura de funcionamiento relativamente baja y un dise\u00f1o \u00f3ptico, materiales y m\u00e9todos de fijaci\u00f3n innovadores.<\/p>\t\t\t\t\t\t\t\t<\/div>\n\t\t\t\t<\/div>\n\t\t\t\t\t<\/div>\n\t\t<\/div>\n\t\t\t\t\t<\/div>\n\t\t<\/section>\n\t\t\t\t<section class=\"elementor-section elementor-top-section elementor-element elementor-element-17dbc6d elementor-section-boxed elementor-section-height-default elementor-section-height-default qodef-elementor-content-no qodef-elementor-back-to-top-dark\" data-id=\"17dbc6d\" data-element_type=\"section\">\n\t\t\t\t\t\t<div class=\"elementor-container elementor-column-gap-default\">\n\t\t\t\t\t<div class=\"elementor-column elementor-col-100 elementor-top-column elementor-element elementor-element-b929d8a\" data-id=\"b929d8a\" data-element_type=\"column\">\n\t\t\t<div class=\"elementor-widget-wrap elementor-element-populated\">\n\t\t\t\t\t\t<div class=\"elementor-element elementor-element-173279e elementor-widget elementor-widget-image\" data-id=\"173279e\" data-element_type=\"widget\" data-widget_type=\"image.default\">\n\t\t\t\t<div class=\"elementor-widget-container\">\n\t\t\t\t\t\t\t\t\t\t\t\t\t\t\t<img decoding=\"async\" src=\"https:\/\/acko.cl\/wp-content\/uploads\/2022\/07\/beam-spreader-snap-system-soraa.jpg\" title=\"beam-spreader-snap-system-soraa\" alt=\"beam-spreader-snap-system-soraa\" loading=\"lazy\" \/>\t\t\t\t\t\t\t\t\t\t\t\t\t\t\t<\/div>\n\t\t\t\t<\/div>\n\t\t\t\t\t<\/div>\n\t\t<\/div>\n\t\t\t\t\t<\/div>\n\t\t<\/section>\n\t\t\t\t<\/div>\n\t\t","protected":false},"excerpt":{"rendered":"<p class=\"p1\"><strong>Spreader Lens <\/strong>se utiliza para aquellas aplicaciones en las que se necesita reducir el \u00e1ngulo de luz. Disminuye los costes de inventario, reduce la especificaci\u00f3n, el dise\u00f1o y los ciclos de venta. Ofrece la m\u00e1xima flexibilidad hasta el momento de su instalaci\u00f3n.<\/p>\n<p>&nbsp;<\/p>\n<p><img decoding=\"async\" class=\"alignnone wp-image-8264\" src=\"https:\/\/acko.cl\/wp-content\/uploads\/2022\/07\/snap-system-soraa-chile-300x53.jpg\" alt=\"\" width=\"150\" height=\"26\" srcset=\"https:\/\/acko.cl\/wp-content\/uploads\/2022\/07\/snap-system-soraa-chile-300x53.jpg 300w, https:\/\/acko.cl\/wp-content\/uploads\/2022\/07\/snap-system-soraa-chile.jpg 405w\" sizes=\"(max-width: 150px) 100vw, 150px\" \/><\/p>\n","protected":false},"author":1,"featured_media":8293,"comment_status":"closed","ping_status":"closed","template":"","meta":[],"product_brand":[],"product_cat":[182,173],"product_tag":[320,200,313,250],"class_list":{"0":"post-8288","1":"product","2":"type-product","3":"status-publish","4":"has-post-thumbnail","6":"product_cat-lamparas-gu10-led","7":"product_cat-todas-las-categorias","8":"product_tag-beam-spreader","9":"product_tag-gu10","10":"product_tag-snap-system","11":"product_tag-soraa","12":"new","13":"qodef-layout--standard","15":"first","16":"instock","17":"shipping-taxable","18":"purchasable","19":"product-type-variable"},"aioseo_notices":[],"_links":{"self":[{"href":"https:\/\/acko.cl\/index.php\/wp-json\/wp\/v2\/product\/8288","targetHints":{"allow":["GET"]}}],"collection":[{"href":"https:\/\/acko.cl\/index.php\/wp-json\/wp\/v2\/product"}],"about":[{"href":"https:\/\/acko.cl\/index.php\/wp-json\/wp\/v2\/types\/product"}],"author":[{"embeddable":true,"href":"https:\/\/acko.cl\/index.php\/wp-json\/wp\/v2\/users\/1"}],"replies":[{"embeddable":true,"href":"https:\/\/acko.cl\/index.php\/wp-json\/wp\/v2\/comments?post=8288"}],"version-history":[{"count":5,"href":"https:\/\/acko.cl\/index.php\/wp-json\/wp\/v2\/product\/8288\/revisions"}],"predecessor-version":[{"id":8300,"href":"https:\/\/acko.cl\/index.php\/wp-json\/wp\/v2\/product\/8288\/revisions\/8300"}],"wp:featuredmedia":[{"embeddable":true,"href":"https:\/\/acko.cl\/index.php\/wp-json\/wp\/v2\/media\/8293"}],"wp:attachment":[{"href":"https:\/\/acko.cl\/index.php\/wp-json\/wp\/v2\/media?parent=8288"}],"wp:term":[{"taxonomy":"product_brand","embeddable":true,"href":"https:\/\/acko.cl\/index.php\/wp-json\/wp\/v2\/product_brand?post=8288"},{"taxonomy":"product_cat","embeddable":true,"href":"https:\/\/acko.cl\/index.php\/wp-json\/wp\/v2\/product_cat?post=8288"},{"taxonomy":"product_tag","embeddable":true,"href":"https:\/\/acko.cl\/index.php\/wp-json\/wp\/v2\/product_tag?post=8288"}],"curies":[{"name":"wp","href":"https:\/\/api.w.org\/{rel}","templated":true}]}}